{"id":875,"date":"2024-04-12T11:45:46","date_gmt":"2024-04-12T11:45:46","guid":{"rendered":"https:\/\/autospaandratx.com\/?page_id=875"},"modified":"2024-04-24T19:35:24","modified_gmt":"2024-04-24T19:35:24","slug":"politica-de-privacidad","status":"publish","type":"page","link":"https:\/\/autospaandratx.com\/en\/politica-de-privacidad\/","title":{"rendered":"Privacy Policy"},"content":{"rendered":"<p>[et_pb_section fb_built=\u00bb1&#8243; _builder_version=\u00bb4.16&#8243; global_colors_info=\u00bb{}\u00bb][et_pb_row _builder_version=\u00bb4.16&#8243; background_size=\u00bbinitial\u00bb background_position=\u00bbtop_left\u00bb background_repeat=\u00bbrepeat\u00bb global_colors_info=\u00bb{}\u00bb][et_pb_column type=\u00bb4_4&#8243; _builder_version=\u00bb4.16&#8243; custom_padding=\u00bb|||\u00bb global_colors_info=\u00bb{}\u00bb custom_padding__hover=\u00bb|||\u00bb][et_pb_text _builder_version=\u00bb4.24.3&#8243; vertical_offset_tablet=\u00bb0&#8243; horizontal_offset_tablet=\u00bb0&#8243; z_index_tablet=\u00bb0&#8243; text_text_shadow_horizontal_length_tablet=\u00bb0px\u00bb text_text_shadow_vertical_length_tablet=\u00bb0px\u00bb text_text_shadow_blur_strength_tablet=\u00bb1px\u00bb link_text_shadow_horizontal_length_tablet=\u00bb0px\u00bb link_text_shadow_vertical_length_tablet=\u00bb0px\u00bb link_text_shadow_blur_strength_tablet=\u00bb1px\u00bb ul_text_shadow_horizontal_length_tablet=\u00bb0px\u00bb ul_text_shadow_vertical_length_tablet=\u00bb0px\u00bb ul_text_shadow_blur_strength_tablet=\u00bb1px\u00bb ol_text_shadow_horizontal_length_tablet=\u00bb0px\u00bb ol_text_shadow_vertical_length_tablet=\u00bb0px\u00bb ol_text_shadow_blur_strength_tablet=\u00bb1px\u00bb quote_text_shadow_horizontal_length_tablet=\u00bb0px\u00bb quote_text_shadow_vertical_length_tablet=\u00bb0px\u00bb quote_text_shadow_blur_strength_tablet=\u00bb1px\u00bb header_text_shadow_horizontal_length_tablet=\u00bb0px\u00bb header_text_shadow_vertical_length_tablet=\u00bb0px\u00bb header_text_shadow_blur_strength_tablet=\u00bb1px\u00bb header_2_text_shadow_horizontal_length_tablet=\u00bb0px\u00bb header_2_text_shadow_vertical_length_tablet=\u00bb0px\u00bb header_2_text_shadow_blur_strength_tablet=\u00bb1px\u00bb header_3_text_shadow_horizontal_length_tablet=\u00bb0px\u00bb header_3_text_shadow_vertical_length_tablet=\u00bb0px\u00bb header_3_text_shadow_blur_strength_tablet=\u00bb1px\u00bb header_4_text_shadow_horizontal_length_tablet=\u00bb0px\u00bb header_4_text_shadow_vertical_length_tablet=\u00bb0px\u00bb header_4_text_shadow_blur_strength_tablet=\u00bb1px\u00bb header_5_text_shadow_horizontal_length_tablet=\u00bb0px\u00bb header_5_text_shadow_vertical_length_tablet=\u00bb0px\u00bb header_5_text_shadow_blur_strength_tablet=\u00bb1px\u00bb header_6_text_shadow_horizontal_length_tablet=\u00bb0px\u00bb header_6_text_shadow_vertical_length_tablet=\u00bb0px\u00bb header_6_text_shadow_blur_strength_tablet=\u00bb1px\u00bb box_shadow_horizontal_tablet=\u00bb0px\u00bb box_shadow_vertical_tablet=\u00bb0px\u00bb box_shadow_blur_tablet=\u00bb40px\u00bb box_shadow_spread_tablet=\u00bb0px\u00bb global_colors_info=\u00bb{}\u00bb]<\/p>\n<p style=\"text-align: center;\"><span style=\"font-size: 36pt; color: #ffffff;\">Pol\u00edtica de Privacidad<\/span><\/p>\n<p><span style=\"color: #ffffff;\">\u00a0<\/span><\/p>\n<p><span style=\"color: #ffffff;\"><strong>Autospa detailing ANDRATX<\/strong>\u00a0como titular del sitio web que Usted visita, expone en este apartado la Pol\u00edtica de Privacidad en el uso, y sobre la informaci\u00f3n de car\u00e1cter personal que el usuario puede facilitar cuando visite o navegue por la p\u00e1gina web de nuestra titularidad.<\/span><\/p>\n<p><span style=\"color: #ffffff;\">En el tratamiento de datos de car\u00e1cter personal, <strong>Autospa detailing ANDRATX<\/strong> garantiza el cumplimiento de la Ley Org\u00e1nica 15\/1999, de 13 de diciembre, de Protecci\u00f3n de Datos de Car\u00e1cter Personal y su normativa de desarrollo, Real Decreto 1720\/2007, de 21 de diciembre, por el que se aprueba su Reglamento, as\u00ed como la LSSICE 34\/2002, del 11 de julio, de la Sociedad de la Informaci\u00f3n y de Comercio Electr\u00f3nico. Por lo que informa a todos los usuarios, que los datos remitidos o suministrados a trav\u00e9s de la presente ser\u00e1n incorporados a un fichero automatizado debidamente inscrito en la Agencia Espa\u00f1ola de Protecci\u00f3n de Datos, en el que el responsable de dicho fichero es: <strong>Autospa detailing ANDRATX<\/strong>. NIF: 01875126m\u00a0y domicilio social:<strong> C\/ Carrer Joan Pag\u00e8s, 18, 07150 Andratx, Illes Balears.<\/strong><\/span><\/p>\n<p><span style=\"color: #ffffff;\"><strong>Autospa detailing ANDRATX<\/strong> se reserva el derecho de modificar la presente Pol\u00edtica de Protecci\u00f3n de Datos en cualquier momento, con el fin de adaptarla a novedades legislativas o cambios en sus actividades, siendo vigente la que en cada momento se encuentre publicada en nuestra web.<\/span><\/p>\n<p><span style=\"color: #ffffff;\">\u00a0<\/span><\/p>\n<p><span style=\"color: #ffffff;\"><strong>CALIDAD Y FINALIDAD<\/strong><\/span><\/p>\n<p><span style=\"color: #ffffff;\">\u00a0<\/span><\/p>\n<p><span style=\"color: #ffffff;\">Al hacer \u201cclic\u201d en el bot\u00f3n \u201cEnviar\u201d (o equivalente) incorporado en nuestros formularios, el usuario declara que la informaci\u00f3n y los datos que en ellos ha facilitado son exactos y veraces. Para que la informaci\u00f3n facilitada est\u00e9 siempre actualizada y no contenga errores, el Usuario deber\u00e1 comunicar, a la mayor brevedad posible, las modificaciones de sus datos de car\u00e1cter personal que se vayan produciendo, as\u00ed como las rectificaciones de datos err\u00f3neos en caso de que detecte alguno.\u00a0El Usuario garantiza que los datos aportados son verdaderos, exactos, completos y actualizados, siendo responsable de cualquier da\u00f1o o perjuicio, directo o indirecto, que pudiera ocasionarse como consecuencia del incumplimiento de tal obligaci\u00f3n.\u00a0En funci\u00f3n del formulario o secci\u00f3n a la que accedas, y seg\u00fan la informaci\u00f3n que nos facilite, esta se utilizar\u00e1 para las finalidades descritas a continuaci\u00f3n, por lo que aceptas expresamente y de forma libre e inequ\u00edvocamente el tratamiento de sus datos con acuerdo a las siguientes finalidades:<\/span><\/p>\n<p><span style=\"color: #ffffff;\">Las que particularmente se indiquen en cada una de las p\u00e1ginas o secciones donde aparezca el formulario de registro o contacto electr\u00f3nico.<\/span><br \/><span style=\"color: #ffffff;\">Con car\u00e1cter general, para atender sus solicitudes, comentarios, consultas o cualquier tipo de petici\u00f3n que sea realizada por el usuario a trav\u00e9s de cualquiera de las formas de contacto que ponemos a disposici\u00f3n de nuestros usuarios.<\/span><br \/><span style=\"color: #ffffff;\">Para informarle sobre consultas, peticiones, actividades, productos, novedades y\/o servicios; v\u00eda e-mail, fax, Whatsapp, Skype, tel\u00e9fono proporcionado, sms, mms, y de igual forma para enviarle comunicaciones comerciales o publicitarias a trav\u00e9s de cualesquier otro medio electr\u00f3nico o f\u00edsico, que posibilite realizar comunicaciones. Estas comunicaciones, siempre ser\u00e1n relacionadas con nuestros productos, servicios, novedades o promociones, as\u00ed como aquellos productos o servicios que podamos considerar de su inter\u00e9s y que puedan ofrecer colaboradores, empresas o \u201cpartners\u201d con los que mantengamos acuerdos de promoci\u00f3n o colaboraci\u00f3n comercial. De ser as\u00ed, garantizamos que estos terceros nunca tendr\u00e1n acceso a sus datos personales, con las excepciones reflejadas en el presente, \u00a0siendo en todo caso estas comunicaciones realizadas por parte de <strong>Autospa detailing ANDRATX<\/strong>.<\/span><\/p>\n<p><span style=\"color: #ffffff;\">\u00a0<\/span><\/p>\n<p><span style=\"color: #ffffff;\"><strong>ACCESO A DATOS POR CUENTA DE TERCEROS<\/strong><\/span><\/p>\n<p><span style=\"color: #ffffff;\">\u00a0<\/span><\/p>\n<p><span style=\"color: #ffffff;\"><strong>Autospa detailing ANDRATX<\/strong> podr\u00e1 contratar a terceros para que desempe\u00f1en funciones en su nombre en relaci\u00f3n con los fines para los que se puedan recoger sus datos personales, como por ejemplo, analizar la informaci\u00f3n proporcionada, alojar sitios web o similares teniendo acceso a la informaci\u00f3n de car\u00e1cter personal necesaria para el desempe\u00f1o de sus funciones, si bien no podr\u00e1n utilizar dicha informaci\u00f3n para ning\u00fan otro fin regulando nuestras relaciones con tales terceros de manera que se cumpla la normativa aplicable en materia de protecci\u00f3n de datos de car\u00e1cter personal. <\/span><span style=\"color: #ffffff; font-size: 18px;\">Nuestro Web Site utiliza servidores publicitarios con el fin de facilitar contenidos comerciales que el usuario visualiza en nuestras p\u00e1ginas. Dichos servidores publicitarios, utilizan cookies que le permiten adaptar los contenidos publicitarios a los perfiles demogr\u00e1ficos de los usuarios,<\/span><\/p>\n<p>[\/et_pb_text][\/et_pb_column][\/et_pb_row][\/et_pb_section]<\/p>\n","protected":false},"excerpt":{"rendered":"<p>Pol\u00edtica de Privacidad \u00a0 Autospa detailing ANDRATX\u00a0como titular del sitio web que Usted visita, expone en este apartado la Pol\u00edtica de Privacidad en el uso, y sobre la informaci\u00f3n de car\u00e1cter personal que el usuario puede facilitar cuando visite o navegue por la p\u00e1gina web de nuestra titularidad. En el tratamiento de datos de car\u00e1cter [&hellip;]<\/p>\n","protected":false},"author":2,"featured_media":0,"parent":0,"menu_order":0,"comment_status":"closed","ping_status":"closed","template":"","meta":{"_et_pb_use_builder":"on","_et_pb_old_content":"","_et_gb_content_width":"","footnotes":""},"dipi_cpt_category":[],"class_list":["post-875","page","type-page","status-publish","hentry"],"_links":{"self":[{"href":"https:\/\/autospaandratx.com\/en\/wp-json\/wp\/v2\/pages\/875","targetHints":{"allow":["GET"]}}],"collection":[{"href":"https:\/\/autospaandratx.com\/en\/wp-json\/wp\/v2\/pages"}],"about":[{"href":"https:\/\/autospaandratx.com\/en\/wp-json\/wp\/v2\/types\/page"}],"author":[{"embeddable":true,"href":"https:\/\/autospaandratx.com\/en\/wp-json\/wp\/v2\/users\/2"}],"replies":[{"embeddable":true,"href":"https:\/\/autospaandratx.com\/en\/wp-json\/wp\/v2\/comments?post=875"}],"version-history":[{"count":4,"href":"https:\/\/autospaandratx.com\/en\/wp-json\/wp\/v2\/pages\/875\/revisions"}],"predecessor-version":[{"id":1057,"href":"https:\/\/autospaandratx.com\/en\/wp-json\/wp\/v2\/pages\/875\/revisions\/1057"}],"wp:attachment":[{"href":"https:\/\/autospaandratx.com\/en\/wp-json\/wp\/v2\/media?parent=875"}],"wp:term":[{"taxonomy":"dipi_cpt_category","embeddable":true,"href":"https:\/\/autospaandratx.com\/en\/wp-json\/wp\/v2\/dipi_cpt_category?post=875"}],"curies":[{"name":"wp","href":"https:\/\/api.w.org\/{rel}","templated":true}]}}